{"id":3,"date":"2024-02-09T09:08:12","date_gmt":"2024-02-09T08:08:12","guid":{"rendered":"https:\/\/traunsteincup.at\/?page_id=3"},"modified":"2024-02-29T15:05:20","modified_gmt":"2024-02-29T14:05:20","slug":"datenschutzerklaerung","status":"publish","type":"page","link":"https:\/\/traunsteincup.at\/?page_id=3","title":{"rendered":"DATENSCHUTZBELEHRUNG"},"content":{"rendered":"\n<h1 class=\"wp-block-heading\">Datenschutzerkl\u00e4rung<\/h1>\n\n\n\n<p>Wir legen gr\u00f6\u00dften Wert auf den Schutz Ihrer Daten und die Wahrung Ihrer Privatsph\u00e4re. Nachstehend informieren wir Sie deshalb \u00fcber die Erhebung und Verwendung pers\u00f6nlicher Daten bei Nutzung unserer Webseite.<\/p>\n\n\n\n<h2 class=\"wp-block-heading\">Anonyme Datenerhebung<\/h2>\n\n\n\n<p>Sie k\u00f6nnen unsere Webseiten besuchen, ohne Angaben zu Ihrer Person zu machen. Wir speichern in diesem Zusammenhang keinerlei pers\u00f6nliche Daten. Um unser Angebot zu verbessern, werten wir lediglich statistische Daten aus, die keinen R\u00fcckschluss auf Ihre Person erlauben.<\/p>\n\n\n\n<h2 class=\"wp-block-heading\">Erhebung und Verarbeitung bei Nutzung des Kontaktformulars<\/h2>\n\n\n\n<p>Bei Nutzung des Kontaktformulars erheben wir personenbezogene Daten (Einzelangaben \u00fcber pers\u00f6nliche oder sachliche Verh\u00e4ltnisse einer bestimmten oder bestimmbaren nat\u00fcrlichen Person) nur in dem von Ihnen zur Verf\u00fcgung gestellten Umfang. Ihre E-Mail-Adresse nutzen wir nur zur Bearbeitung Ihrer Anfrage. Ihre Daten werden anschlie\u00dfend gel\u00f6scht, sofern Sie der weitergehenden Verarbeitung und Nutzung nicht zugestimmt haben.<\/p>\n\n\n\n<h2 class=\"wp-block-heading\">Erhebung, Verarbeitung und Nutzung personenbezogener Daten<\/h2>\n\n\n\n<p>Wir erheben personenbezogene Daten (Einzelangaben \u00fcber pers\u00f6nliche oder sachliche Verh\u00e4ltnisse einer bestimmten oder bestimmbaren nat\u00fcrlichen Person) nur in dem von Ihnen zur Verf\u00fcgung gestellten Umfang.<br>Die Verarbeitung und Nutzung Ihrer personenbezogenen Daten erfolgt zur Erf\u00fcllung und Abwicklung Ihrer Bestellung sowie zur Bearbeitung Ihrer Anfragen.<br>Nach vollst\u00e4ndiger Vertragsabwicklung werden alle personenbezogenen Daten zun\u00e4chst unter Ber\u00fccksichtigung steuer- und handelsrechtlicher Aufbewahrungsfristen gespeichert und dann nach Fristablauf gel\u00f6scht, sofern Sie der weitergehenden Verarbeitung und Nutzung nicht zugestimmt haben.<\/p>\n\n\n\n<p>Verwendung der E-Mail-Adresse f\u00fcr die Zusendung von Direktwerbung<\/p>\n\n\n\n<p>Soweit Sie nicht widersprochen haben, nutzen wir Ihre E-Mail-Adresse, die wir im Rahmen des Verkaufes einer Ware oder Dienstleistung erhalten haben f\u00fcr die elektronische \u00dcbersendung von Werbung f\u00fcr eigene Waren oder Dienstleistungen, die denen \u00e4hnlich sind, die Sie bereits bei uns erworben haben. Sie k\u00f6nnen dieser Verwendung Ihrer E-Mail-Adresse jederzeit durch eine Mitteilung an uns widersprechen. Die Kontaktdaten f\u00fcr die Aus\u00fcbung des Widerspruchs finden Sie im Impressum. Sie k\u00f6nnen auch den daf\u00fcr vorgesehenen Link in der Werbeemail nutzen. Hierf\u00fcr entstehen keine anderen als die \u00dcbermittlungskosten nach den Basistarifen.<\/p>\n\n\n\n<h2 class=\"wp-block-heading\">Weitergabe personenbezogener Daten<\/h2>\n\n\n\n<p>Eine Weitergabe Ihrer Daten an Dritte ohne Ihre ausdr\u00fcckliche Einwilligung erfolgt nicht. Ausgenommen hiervon sind lediglich unsere Dienstleistungspartner, die wir zur Abwicklung des Vertragsverh\u00e4ltnisses ben\u00f6tigen. In diesen F\u00e4llen beachten wir strikt die Vorgaben des Bundesdatenschutzgesetzes. Der Umfang der Daten\u00fcbermittlung beschr\u00e4nkt sich auf ein Mindestma\u00df.<\/p>\n\n\n\n<h2 class=\"wp-block-heading\">Cookies<\/h2>\n\n\n\n<p>Unsere Internetseiten verwenden an mehreren Stellen so genannte Cookies. Cookies sind kleine Textdateien, die auf Ihrem Rechner abgelegt werden und die Ihr Browser speichert. Sie dienen dazu, unser Angebot nutzerfreundlicher, effektiver und sicherer zu machen. Des Weiteren erm\u00f6glichen Cookies unseren Systemen, Ihren Browser zu erkennen und Ihnen Services anzubieten. Cookies enthalten keine personenbezogenen Daten.<\/p>\n\n\n\n<h2 class=\"wp-block-heading\">Nutzung von Google Analytics<\/h2>\n\n\n\n<p>Diese Website benutzt Google Analytics, einen Webanalysedienst der Google Inc. (\u201eGoogle\u201c). Google Analytics verwendet sog. \u201eCookies\u201c, Textdateien, die auf Ihrem Computer gespeichert werden und die eine Analyse der Benutzung der Website durch Sie erm\u00f6glichen. Die durch den Cookie erzeugten Informationen \u00fcber Ihre Benutzung dieser Website werden in der Regel an einen Server von Google in den USA \u00fcbertragen und dort gespeichert. Im Falle der Aktivierung der IP-Anonymisierung auf dieser Webseite, wird Ihre IP-Adresse von Google jedoch innerhalb von Mitgliedstaaten der Europ\u00e4ischen Union oder in anderen Vertragsstaaten des Abkommens \u00fcber den Europ\u00e4ischen Wirtschaftsraum zuvor gek\u00fcrzt. Nur in Ausnahmef\u00e4llen wird die volle IP-Adresse an einen Server von Google in den USA \u00fcbertragen und dort gek\u00fcrzt. Im Auftrag des Betreibers dieser Website wird Google diese Informationen benutzen, um Ihre Nutzung der Website auszuwerten, um Reports \u00fcber die Websiteaktivit\u00e4ten zusammenzustellen und um weitere mit der Websitenutzung und der Internetnutzung verbundene Dienstleistungen gegen\u00fcber dem Websitebetreiber zu erbringen. Die im Rahmen von Google Analytics von Ihrem Browser \u00fcbermittelte IP-Adresse wird nicht mit anderen Daten von Google zusammengef\u00fchrt. Sie k\u00f6nnen die Speicherung der Cookies durch eine entsprechende Einstellung Ihrer Browser-Software verhindern; wir weisen Sie jedoch darauf hin, dass Sie in diesem Fall gegebenenfalls nicht s\u00e4mtliche Funktionen dieser Website vollumf\u00e4nglich werden nutzen k\u00f6nnen. Sie k\u00f6nnen dar\u00fcber hinaus die Erfassung der durch das Cookie erzeugten und auf Ihre Nutzung der Website bezogenen Daten (inkl. Ihrer IP-Adresse) an Google sowie die Verarbeitung dieser Daten durch Google verhindern, indem sie das unter dem folgenden Link verf\u00fcgbare Browser-Plugin herunterladen und installieren [<a href=\"http:\/\/tools.google.com\/dlpage\/gaoptout?hl=de\">http:\/\/tools.google.com\/dlpage\/gaoptout?hl=de<\/a>].<\/p>\n\n\n\n<h2 class=\"wp-block-heading\">Verwendung von Facebook-Plugins<\/h2>\n\n\n\n<p>Auf diesen Internetseiten werden Plugins des sozialen Netzwerkes facebook.com verwendet, das von der Facebook Inc., 1601 S. California Ave, Palo Alto, CA 94304, USA betrieben wird (\u201eFacebook\u201c ).<br>Wenn Sie mit einem solchen Plugin versehene Internetseiten unserer Internetpr\u00e4senz aufrufen, wird eine Verbindung zu den Facebook-Servern hergestellt und dabei das Plugin durch Mitteilung an Ihren Browser auf der Internetseite dargestellt. Hierdurch wird an den Facebook-Server \u00fcbermittelt, welche unserer Internetseiten Sie besucht haben. Sind Sie dabei als Mitglied bei Facebook eingeloggt, ordnet Facebook diese Information Ihrem pers\u00f6nlichen Facebook-Benutzerkonto zu. Bei der Nutzung der Plugin-Funktionen (z.B. Anklicken des \u201eGef\u00e4llt mir\u201c-Buttons, Abgabe eines Kommentars) werden auch diese Informationen Ihrem Facebook-Konto zugeordnet, was Sie nur durch Ausloggen vor Nutzung des Plugins verhindern k\u00f6nnen.<br>Wenn Sie nicht m\u00f6chten, dass Facebook die gesammelten Informationen unmittelbar Ihrem Facebook Profil zuordnet, m\u00fcssen Sie sich entweder vor dem Besuch unserer Seite bei Facebook ausloggen oder Sie nutzen das von Facebook zur Verf\u00fcgung gestellte Add-On f\u00fcr Ihren Browser&nbsp;<a href=\"http:\/\/webgraph.com\/resources\/facebookblocker\/\">http:\/\/webgraph.com\/resources\/facebookblocker\/<\/a>. Hierdurch k\u00f6nnen Sie das Laden der Facebook Plugins blockieren.<br>N\u00e4here Informationen zur Erhebung und Nutzung der Daten durch Facebook, \u00fcber Ihre diesbez\u00fcglichen Rechte und M\u00f6glichkeiten zum Schutz Ihrer Privatsph\u00e4re finden Sie in den Datenschutzhinweisen von Facebook.<\/p>\n\n\n\n<h2 class=\"wp-block-heading\">Auskunft, Berichtigung, Sperrung und L\u00f6schung von Daten<\/h2>\n\n\n\n<p>Sie haben jederzeit das Recht auf unentgeltliche Auskunft \u00fcber Ihre gespeicherten Daten sowie das Recht auf Berichtigung, L\u00f6schung bzw. Sperrung. Kontaktieren Sie uns auf Wunsch. Die Kontaktdaten finden Sie in unserem Impressum.<\/p>\n","protected":false},"excerpt":{"rendered":"<p>Datenschutzerkl\u00e4rung Wir legen gr\u00f6\u00dften Wert auf den Schutz Ihrer Daten und die Wahrung Ihrer Privatsph\u00e4re. Nachstehend informieren wir Sie deshalb \u00fcber die Erhebung und Verwendung pers\u00f6nlicher Daten bei Nutzung unserer Webseite. Anonyme Datenerhebung Sie k\u00f6nnen unsere Webseiten besuchen, ohne Angaben zu Ihrer Person zu machen. Wir speichern in diesem Zusammenhang keinerlei pers\u00f6nliche Daten. Um unser [&hellip;]<\/p>\n","protected":false},"author":1,"featured_media":0,"parent":0,"menu_order":0,"comment_status":"closed","ping_status":"open","template":"","meta":{"footnotes":""},"class_list":["post-3","page","type-page","status-publish","hentry","entry"],"_links":{"self":[{"href":"https:\/\/traunsteincup.at\/index.php?rest_route=\/wp\/v2\/pages\/3","targetHints":{"allow":["GET"]}}],"collection":[{"href":"https:\/\/traunsteincup.at\/index.php?rest_route=\/wp\/v2\/pages"}],"about":[{"href":"https:\/\/traunsteincup.at\/index.php?rest_route=\/wp\/v2\/types\/page"}],"author":[{"embeddable":true,"href":"https:\/\/traunsteincup.at\/index.php?rest_route=\/wp\/v2\/users\/1"}],"replies":[{"embeddable":true,"href":"https:\/\/traunsteincup.at\/index.php?rest_route=%2Fwp%2Fv2%2Fcomments&post=3"}],"version-history":[{"count":1,"href":"https:\/\/traunsteincup.at\/index.php?rest_route=\/wp\/v2\/pages\/3\/revisions"}],"predecessor-version":[{"id":7802,"href":"https:\/\/traunsteincup.at\/index.php?rest_route=\/wp\/v2\/pages\/3\/revisions\/7802"}],"wp:attachment":[{"href":"https:\/\/traunsteincup.at\/index.php?rest_route=%2Fwp%2Fv2%2Fmedia&parent=3"}],"curies":[{"name":"wp","href":"https:\/\/api.w.org\/{rel}","templated":true}]}}